{"id":852,"date":"2018-11-25T20:18:08","date_gmt":"2018-11-25T20:18:08","guid":{"rendered":"http:\/\/donhoff.ee\/paketit\/"},"modified":"2022-05-13T12:39:01","modified_gmt":"2022-05-13T12:39:01","slug":"paketit","status":"publish","type":"page","link":"https:\/\/www.donhoff.ee\/fi\/paketit\/","title":{"rendered":"Paketit"},"content":{"rendered":"\t\t<div data-elementor-type=\"wp-post\" data-elementor-id=\"852\" class=\"elementor elementor-852 elementor-62\" data-elementor-post-type=\"page\">\n\t\t\t\t\t\t<section class=\"elementor-section elementor-top-section elementor-element elementor-element-6107c949 elementor-section-full_width elementor-section-height-min-height elementor-section-height-default elementor-section-items-middle\" data-id=\"6107c949\" data-element_type=\"section\" data-settings=\"{&quot;background_background&quot;:&quot;classic&quot;}\">\n\t\t\t\t\t\t\t<div class=\"elementor-background-overlay\"><\/div>\n\t\t\t\t\t\t\t<div class=\"elementor-container elementor-column-gap-default\">\n\t\t\t\t\t<div class=\"elementor-column elementor-col-100 elementor-top-column elementor-element elementor-element-123fbc50\" data-id=\"123fbc50\" data-element_type=\"column\">\n\t\t\t<div class=\"elementor-widget-wrap elementor-element-populated\">\n\t\t\t\t\t\t<div class=\"elementor-element elementor-element-56b5c971 elementor-widget elementor-widget-spacer\" data-id=\"56b5c971\" data-element_type=\"widget\" data-widget_type=\"spacer.default\">\n\t\t\t\t<div class=\"elementor-widget-container\">\n\t\t\t\t\t<div class=\"elementor-spacer\">\n\t\t\t<div class=\"elementor-spacer-inner\"><\/div>\n\t\t<\/div>\n\t\t\t\t<\/div>\n\t\t\t\t<\/div>\n\t\t\t\t\t<\/div>\n\t\t<\/div>\n\t\t\t\t\t<\/div>\n\t\t<\/section>\n\t\t\t\t<section class=\"elementor-section elementor-top-section elementor-element elementor-element-6e622ee8 elementor-section-boxed elementor-section-height-default elementor-section-height-default\" data-id=\"6e622ee8\" data-element_type=\"section\" data-settings=\"{&quot;background_background&quot;:&quot;classic&quot;}\">\n\t\t\t\t\t\t<div class=\"elementor-container elementor-column-gap-default\">\n\t\t\t\t\t<div class=\"elementor-column elementor-col-100 elementor-top-column elementor-element elementor-element-5224307d\" data-id=\"5224307d\" data-element_type=\"column\">\n\t\t\t<div class=\"elementor-widget-wrap elementor-element-populated\">\n\t\t\t\t\t\t<div class=\"elementor-element elementor-element-c661411 elementor-widget elementor-widget-spacer\" data-id=\"c661411\" data-element_type=\"widget\" data-widget_type=\"spacer.default\">\n\t\t\t\t<div class=\"elementor-widget-container\">\n\t\t\t\t\t<div class=\"elementor-spacer\">\n\t\t\t<div class=\"elementor-spacer-inner\"><\/div>\n\t\t<\/div>\n\t\t\t\t<\/div>\n\t\t\t\t<\/div>\n\t\t\t\t\t<\/div>\n\t\t<\/div>\n\t\t\t\t\t<\/div>\n\t\t<\/section>\n\t\t\t\t<section class=\"elementor-section elementor-top-section elementor-element elementor-element-21aebcdb elementor-section-boxed elementor-section-height-default elementor-section-height-default\" data-id=\"21aebcdb\" data-element_type=\"section\" data-settings=\"{&quot;background_background&quot;:&quot;classic&quot;}\">\n\t\t\t\t\t\t<div class=\"elementor-container elementor-column-gap-default\">\n\t\t\t\t\t<div class=\"elementor-column elementor-col-100 elementor-top-column elementor-element elementor-element-25388b9f\" data-id=\"25388b9f\" data-element_type=\"column\">\n\t\t\t<div class=\"elementor-widget-wrap\">\n\t\t\t\t\t\t\t<\/div>\n\t\t<\/div>\n\t\t\t\t\t<\/div>\n\t\t<\/section>\n\t\t\t\t<section class=\"elementor-section elementor-top-section elementor-element elementor-element-901e4f8 elementor-section-full_width elementor-section-height-default elementor-section-height-default\" data-id=\"901e4f8\" data-element_type=\"section\" data-settings=\"{&quot;background_background&quot;:&quot;classic&quot;}\">\n\t\t\t\t\t\t<div class=\"elementor-container elementor-column-gap-default\">\n\t\t\t\t\t<div class=\"elementor-column elementor-col-50 elementor-top-column elementor-element elementor-element-7e8866e\" data-id=\"7e8866e\" data-element_type=\"column\" data-settings=\"{&quot;background_background&quot;:&quot;classic&quot;}\">\n\t\t\t<div class=\"elementor-widget-wrap elementor-element-populated\">\n\t\t\t\t\t\t<div class=\"elementor-element elementor-element-b65b03a elementor-widget elementor-widget-button\" data-id=\"b65b03a\" data-element_type=\"widget\" data-widget_type=\"button.default\">\n\t\t\t\t<div class=\"elementor-widget-container\">\n\t\t\t\t\t<div class=\"elementor-button-wrapper\">\n\t\t\t<a class=\"elementor-button elementor-button-link elementor-size-sm\" href=\"https:\/\/bouk.io\/booking\/donhoff\/279\/rooms?language=fi\" target=\"_blank\">\n\t\t\t\t\t\t<span class=\"elementor-button-content-wrapper\">\n\t\t\t\t\t\t\t\t\t<span class=\"elementor-button-text\">VARAA<\/span>\n\t\t\t\t\t<\/span>\n\t\t\t\t\t<\/a>\n\t\t<\/div>\n\t\t\t\t<\/div>\n\t\t\t\t<\/div>\n\t\t\t\t\t<\/div>\n\t\t<\/div>\n\t\t\t\t<div class=\"elementor-column elementor-col-50 elementor-top-column elementor-element elementor-element-f29f8f1\" data-id=\"f29f8f1\" data-element_type=\"column\" data-settings=\"{&quot;background_background&quot;:&quot;classic&quot;}\">\n\t\t\t<div class=\"elementor-widget-wrap\">\n\t\t\t\t\t\t\t<\/div>\n\t\t<\/div>\n\t\t\t\t\t<\/div>\n\t\t<\/section>\n\t\t\t\t<section class=\"elementor-section elementor-top-section elementor-element elementor-element-ad7ca4a elementor-section-full_width elementor-reverse-mobile elementor-section-height-default elementor-section-height-default\" data-id=\"ad7ca4a\" data-element_type=\"section\" data-settings=\"{&quot;background_background&quot;:&quot;classic&quot;}\">\n\t\t\t\t\t\t<div class=\"elementor-container elementor-column-gap-default\">\n\t\t\t\t\t<div class=\"elementor-column elementor-col-50 elementor-top-column elementor-element elementor-element-bb7bf8e\" data-id=\"bb7bf8e\" data-element_type=\"column\" data-settings=\"{&quot;background_background&quot;:&quot;classic&quot;}\">\n\t\t\t<div class=\"elementor-widget-wrap\">\n\t\t\t\t\t\t\t<\/div>\n\t\t<\/div>\n\t\t\t\t<div class=\"elementor-column elementor-col-50 elementor-top-column elementor-element elementor-element-ce2389b\" data-id=\"ce2389b\" data-element_type=\"column\" data-settings=\"{&quot;background_background&quot;:&quot;classic&quot;}\">\n\t\t\t<div class=\"elementor-widget-wrap elementor-element-populated\">\n\t\t\t\t\t\t<div class=\"elementor-element elementor-element-9ca4240 elementor-widget elementor-widget-button\" data-id=\"9ca4240\" data-element_type=\"widget\" data-widget_type=\"button.default\">\n\t\t\t\t<div class=\"elementor-widget-container\">\n\t\t\t\t\t<div class=\"elementor-button-wrapper\">\n\t\t\t<a class=\"elementor-button elementor-button-link elementor-size-sm\" href=\"https:\/\/bouk.io\/booking\/donhoff\/279\/rate\/2921?language=fi&#038;adults=2&#038;skip=3\" target=\"_blank\">\n\t\t\t\t\t\t<span class=\"elementor-button-content-wrapper\">\n\t\t\t\t\t\t\t\t\t<span class=\"elementor-button-text\">VARAA<\/span>\n\t\t\t\t\t<\/span>\n\t\t\t\t\t<\/a>\n\t\t<\/div>\n\t\t\t\t<\/div>\n\t\t\t\t<\/div>\n\t\t\t\t\t<\/div>\n\t\t<\/div>\n\t\t\t\t\t<\/div>\n\t\t<\/section>\n\t\t\t\t<section class=\"elementor-section elementor-top-section elementor-element elementor-element-542da6df elementor-section-full_width elementor-reverse-mobile elementor-section-height-default elementor-section-height-default\" data-id=\"542da6df\" data-element_type=\"section\" data-settings=\"{&quot;background_background&quot;:&quot;classic&quot;}\">\n\t\t\t\t\t\t<div class=\"elementor-container elementor-column-gap-default\">\n\t\t\t\t\t<div class=\"elementor-column elementor-col-50 elementor-top-column elementor-element elementor-element-6ab424eb\" data-id=\"6ab424eb\" data-element_type=\"column\" data-settings=\"{&quot;background_background&quot;:&quot;classic&quot;}\">\n\t\t\t<div class=\"elementor-widget-wrap elementor-element-populated\">\n\t\t\t\t\t\t<div class=\"elementor-element elementor-element-6dbe045 elementor-widget elementor-widget-button\" data-id=\"6dbe045\" data-element_type=\"widget\" data-widget_type=\"button.default\">\n\t\t\t\t<div class=\"elementor-widget-container\">\n\t\t\t\t\t<div class=\"elementor-button-wrapper\">\n\t\t\t<a class=\"elementor-button elementor-button-link elementor-size-sm\" href=\"https:\/\/bouk.io\/booking\/donhoff\/279\/rate\/2922?language=fi&#038;adults=2&#038;skip=3\" target=\"_blank\">\n\t\t\t\t\t\t<span class=\"elementor-button-content-wrapper\">\n\t\t\t\t\t\t\t\t\t<span class=\"elementor-button-text\">VARAA<\/span>\n\t\t\t\t\t<\/span>\n\t\t\t\t\t<\/a>\n\t\t<\/div>\n\t\t\t\t<\/div>\n\t\t\t\t<\/div>\n\t\t\t\t\t<\/div>\n\t\t<\/div>\n\t\t\t\t<div class=\"elementor-column elementor-col-50 elementor-top-column elementor-element elementor-element-15dccff8\" data-id=\"15dccff8\" data-element_type=\"column\" data-settings=\"{&quot;background_background&quot;:&quot;classic&quot;}\">\n\t\t\t<div class=\"elementor-widget-wrap\">\n\t\t\t\t\t\t\t<\/div>\n\t\t<\/div>\n\t\t\t\t\t<\/div>\n\t\t<\/section>\n\t\t\t\t<section class=\"elementor-section elementor-top-section elementor-element elementor-element-43854483 elementor-section-full_width elementor-section-height-default elementor-section-height-default\" data-id=\"43854483\" data-element_type=\"section\" data-settings=\"{&quot;background_background&quot;:&quot;classic&quot;}\">\n\t\t\t\t\t\t<div class=\"elementor-container elementor-column-gap-default\">\n\t\t\t\t\t<div class=\"elementor-column elementor-col-50 elementor-top-column elementor-element elementor-element-6b2f91a1\" data-id=\"6b2f91a1\" data-element_type=\"column\" data-settings=\"{&quot;background_background&quot;:&quot;classic&quot;}\">\n\t\t\t<div class=\"elementor-widget-wrap\">\n\t\t\t\t\t\t\t<\/div>\n\t\t<\/div>\n\t\t\t\t<div class=\"elementor-column elementor-col-50 elementor-top-column elementor-element elementor-element-7ccd62b9\" data-id=\"7ccd62b9\" data-element_type=\"column\" data-settings=\"{&quot;background_background&quot;:&quot;classic&quot;}\">\n\t\t\t<div class=\"elementor-widget-wrap elementor-element-populated\">\n\t\t\t\t\t\t<div class=\"elementor-element elementor-element-0833271 elementor-widget elementor-widget-button\" data-id=\"0833271\" data-element_type=\"widget\" data-widget_type=\"button.default\">\n\t\t\t\t<div class=\"elementor-widget-container\">\n\t\t\t\t\t<div class=\"elementor-button-wrapper\">\n\t\t\t<a class=\"elementor-button elementor-button-link elementor-size-sm\" href=\"https:\/\/bouk.io\/booking\/donhoff\/279\/rate\/2923?language=fi&#038;adults=2&#038;skip=3\" target=\"_blank\">\n\t\t\t\t\t\t<span class=\"elementor-button-content-wrapper\">\n\t\t\t\t\t\t\t\t\t<span class=\"elementor-button-text\">VARAA<\/span>\n\t\t\t\t\t<\/span>\n\t\t\t\t\t<\/a>\n\t\t<\/div>\n\t\t\t\t<\/div>\n\t\t\t\t<\/div>\n\t\t\t\t\t<\/div>\n\t\t<\/div>\n\t\t\t\t\t<\/div>\n\t\t<\/section>\n\t\t\t\t<section class=\"elementor-section elementor-top-section elementor-element elementor-element-59c52c59 elementor-section-full_width elementor-section-height-default elementor-section-height-default\" data-id=\"59c52c59\" data-element_type=\"section\" data-settings=\"{&quot;background_background&quot;:&quot;classic&quot;}\">\n\t\t\t\t\t\t<div class=\"elementor-container elementor-column-gap-default\">\n\t\t\t\t\t<div class=\"elementor-column elementor-col-50 elementor-top-column elementor-element elementor-element-14b90c78\" data-id=\"14b90c78\" data-element_type=\"column\" data-settings=\"{&quot;background_background&quot;:&quot;classic&quot;}\">\n\t\t\t<div class=\"elementor-widget-wrap\">\n\t\t\t\t\t\t\t<\/div>\n\t\t<\/div>\n\t\t\t\t<div class=\"elementor-column elementor-col-50 elementor-top-column elementor-element elementor-element-548e95c\" data-id=\"548e95c\" data-element_type=\"column\" data-settings=\"{&quot;background_background&quot;:&quot;classic&quot;}\">\n\t\t\t<div class=\"elementor-widget-wrap\">\n\t\t\t\t\t<div class=\"elementor-background-overlay\"><\/div>\n\t\t\t\t\t\t\t<\/div>\n\t\t<\/div>\n\t\t\t\t\t<\/div>\n\t\t<\/section>\n\t\t\t\t<\/div>\n\t\t","protected":false},"excerpt":{"rendered":"<p>PAKETIT D\u00f6nhoff Residence sijaitsee P\u00e4rnun vanhassakaupungissa osoitteessa Kuninga 23. Huoneistohotellin huoneet ovat tilavia ja ne on sisustettu ainutlaatuisesti. Pyyd\u00e4 tarjous D\u00d6NHOFF RESIDENCE Kolmannen kerroksen terassilla voi nauttia n\u00e4k\u00f6alasta P\u00e4rnun vanhallekaupungille. Joissakin huoneissa on my\u00f6s terassi. (voimassa 31.5 asti) LOMAA PROVINSSISSA &hellip; <a href=\"https:\/\/www.donhoff.ee\/fi\/paketit\/\">Read More<\/a><\/p>\n","protected":false},"author":1,"featured_media":0,"parent":0,"menu_order":2,"comment_status":"closed","ping_status":"closed","template":"","meta":{"footnotes":""},"yoast_head":"<!-- This site is optimized with the Yoast SEO plugin v22.6 - https:\/\/yoast.com\/wordpress\/plugins\/seo\/ -->\n<title>Paketit - D\u00f6nhoff<\/title>\n<meta name=\"robots\" content=\"index, follow, max-snippet:-1, max-image-preview:large, max-video-preview:-1\" \/>\n<link rel=\"canonical\" href=\"https:\/\/www.donhoff.ee\/fi\/paketit\/\" \/>\n<meta property=\"og:locale\" content=\"fi_FI\" \/>\n<meta property=\"og:type\" content=\"article\" \/>\n<meta property=\"og:title\" content=\"Paketit - D\u00f6nhoff\" \/>\n<meta property=\"og:description\" content=\"PAKETIT D\u00f6nhoff Residence sijaitsee P\u00e4rnun vanhassakaupungissa osoitteessa Kuninga 23. Huoneistohotellin huoneet ovat tilavia ja ne on sisustettu ainutlaatuisesti. Pyyd\u00e4 tarjous D\u00d6NHOFF RESIDENCE Kolmannen kerroksen terassilla voi nauttia n\u00e4k\u00f6alasta P\u00e4rnun vanhallekaupungille. Joissakin huoneissa on my\u00f6s terassi. (voimassa 31.5 asti) LOMAA PROVINSSISSA &hellip; Read More\" \/>\n<meta property=\"og:url\" content=\"https:\/\/www.donhoff.ee\/fi\/paketit\/\" \/>\n<meta property=\"og:site_name\" content=\"D\u00f6nhoff\" \/>\n<meta property=\"article:modified_time\" content=\"2022-05-13T12:39:01+00:00\" \/>\n<meta name=\"twitter:card\" content=\"summary_large_image\" \/>\n<meta name=\"twitter:label1\" content=\"Arvioitu lukuaika\" \/>\n\t<meta name=\"twitter:data1\" content=\"2 minuuttia\" \/>\n<script type=\"application\/ld+json\" class=\"yoast-schema-graph\">{\"@context\":\"https:\/\/schema.org\",\"@graph\":[{\"@type\":\"WebPage\",\"@id\":\"https:\/\/www.donhoff.ee\/fi\/paketit\/\",\"url\":\"https:\/\/www.donhoff.ee\/fi\/paketit\/\",\"name\":\"Paketit - D\u00f6nhoff\",\"isPartOf\":{\"@id\":\"https:\/\/www.donhoff.ee\/#website\"},\"datePublished\":\"2018-11-25T20:18:08+00:00\",\"dateModified\":\"2022-05-13T12:39:01+00:00\",\"breadcrumb\":{\"@id\":\"https:\/\/www.donhoff.ee\/fi\/paketit\/#breadcrumb\"},\"inLanguage\":\"fi\",\"potentialAction\":[{\"@type\":\"ReadAction\",\"target\":[\"https:\/\/www.donhoff.ee\/fi\/paketit\/\"]}]},{\"@type\":\"BreadcrumbList\",\"@id\":\"https:\/\/www.donhoff.ee\/fi\/paketit\/#breadcrumb\",\"itemListElement\":[{\"@type\":\"ListItem\",\"position\":1,\"name\":\"Home\",\"item\":\"https:\/\/www.donhoff.ee\/fi\/\"},{\"@type\":\"ListItem\",\"position\":2,\"name\":\"Paketit\"}]},{\"@type\":\"WebSite\",\"@id\":\"https:\/\/www.donhoff.ee\/#website\",\"url\":\"https:\/\/www.donhoff.ee\/\",\"name\":\"D\u00f6nhoff\",\"description\":\"Residence\",\"potentialAction\":[{\"@type\":\"SearchAction\",\"target\":{\"@type\":\"EntryPoint\",\"urlTemplate\":\"https:\/\/www.donhoff.ee\/?s={search_term_string}\"},\"query-input\":\"required name=search_term_string\"}],\"inLanguage\":\"fi\"}]}<\/script>\n<!-- \/ Yoast SEO plugin. -->","yoast_head_json":{"title":"Paketit - D\u00f6nhoff","robots":{"index":"index","follow":"follow","max-snippet":"max-snippet:-1","max-image-preview":"max-image-preview:large","max-video-preview":"max-video-preview:-1"},"canonical":"https:\/\/www.donhoff.ee\/fi\/paketit\/","og_locale":"fi_FI","og_type":"article","og_title":"Paketit - D\u00f6nhoff","og_description":"PAKETIT D\u00f6nhoff Residence sijaitsee P\u00e4rnun vanhassakaupungissa osoitteessa Kuninga 23. Huoneistohotellin huoneet ovat tilavia ja ne on sisustettu ainutlaatuisesti. Pyyd\u00e4 tarjous D\u00d6NHOFF RESIDENCE Kolmannen kerroksen terassilla voi nauttia n\u00e4k\u00f6alasta P\u00e4rnun vanhallekaupungille. Joissakin huoneissa on my\u00f6s terassi. (voimassa 31.5 asti) LOMAA PROVINSSISSA &hellip; Read More","og_url":"https:\/\/www.donhoff.ee\/fi\/paketit\/","og_site_name":"D\u00f6nhoff","article_modified_time":"2022-05-13T12:39:01+00:00","twitter_card":"summary_large_image","twitter_misc":{"Arvioitu lukuaika":"2 minuuttia"},"schema":{"@context":"https:\/\/schema.org","@graph":[{"@type":"WebPage","@id":"https:\/\/www.donhoff.ee\/fi\/paketit\/","url":"https:\/\/www.donhoff.ee\/fi\/paketit\/","name":"Paketit - D\u00f6nhoff","isPartOf":{"@id":"https:\/\/www.donhoff.ee\/#website"},"datePublished":"2018-11-25T20:18:08+00:00","dateModified":"2022-05-13T12:39:01+00:00","breadcrumb":{"@id":"https:\/\/www.donhoff.ee\/fi\/paketit\/#breadcrumb"},"inLanguage":"fi","potentialAction":[{"@type":"ReadAction","target":["https:\/\/www.donhoff.ee\/fi\/paketit\/"]}]},{"@type":"BreadcrumbList","@id":"https:\/\/www.donhoff.ee\/fi\/paketit\/#breadcrumb","itemListElement":[{"@type":"ListItem","position":1,"name":"Home","item":"https:\/\/www.donhoff.ee\/fi\/"},{"@type":"ListItem","position":2,"name":"Paketit"}]},{"@type":"WebSite","@id":"https:\/\/www.donhoff.ee\/#website","url":"https:\/\/www.donhoff.ee\/","name":"D\u00f6nhoff","description":"Residence","potentialAction":[{"@type":"SearchAction","target":{"@type":"EntryPoint","urlTemplate":"https:\/\/www.donhoff.ee\/?s={search_term_string}"},"query-input":"required name=search_term_string"}],"inLanguage":"fi"}]}},"_links":{"self":[{"href":"https:\/\/www.donhoff.ee\/fi\/wp-json\/wp\/v2\/pages\/852"}],"collection":[{"href":"https:\/\/www.donhoff.ee\/fi\/wp-json\/wp\/v2\/pages"}],"about":[{"href":"https:\/\/www.donhoff.ee\/fi\/wp-json\/wp\/v2\/types\/page"}],"author":[{"embeddable":true,"href":"https:\/\/www.donhoff.ee\/fi\/wp-json\/wp\/v2\/users\/1"}],"replies":[{"embeddable":true,"href":"https:\/\/www.donhoff.ee\/fi\/wp-json\/wp\/v2\/comments?post=852"}],"version-history":[{"count":5,"href":"https:\/\/www.donhoff.ee\/fi\/wp-json\/wp\/v2\/pages\/852\/revisions"}],"predecessor-version":[{"id":1923,"href":"https:\/\/www.donhoff.ee\/fi\/wp-json\/wp\/v2\/pages\/852\/revisions\/1923"}],"wp:attachment":[{"href":"https:\/\/www.donhoff.ee\/fi\/wp-json\/wp\/v2\/media?parent=852"}],"curies":[{"name":"wp","href":"https:\/\/api.w.org\/{rel}","templated":true}]}}